{"id":4835,"date":"2021-05-28T11:11:57","date_gmt":"2021-05-28T09:11:57","guid":{"rendered":"https:\/\/www.albiviohotel.it\/primiero-valley\/"},"modified":"2021-05-28T11:11:57","modified_gmt":"2021-05-28T09:11:57","slug":"primiero-valley","status":"publish","type":"page","link":"https:\/\/albiviohotel.it\/en\/primiero-valley\/","title":{"rendered":"Primiero Valley"},"content":{"rendered":"\t\t<div data-elementor-type=\"wp-page\" data-elementor-id=\"4835\" class=\"elementor elementor-4835 elementor-4655\" data-elementor-post-type=\"page\">\n\t\t\t\t\t\t<section class=\"elementor-section elementor-top-section elementor-element elementor-element-17c5dc1 elementor-section-height-full elementor-section-boxed elementor-section-height-default elementor-section-items-middle elementor-invisible\" data-id=\"17c5dc1\" data-element_type=\"section\" data-settings=\"{&quot;background_background&quot;:&quot;classic&quot;,&quot;animation&quot;:&quot;fadeIn&quot;}\">\n\t\t\t\t\t\t\t<div class=\"elementor-background-overlay\"><\/div>\n\t\t\t\t\t\t\t<div class=\"elementor-container elementor-column-gap-default\">\n\t\t\t\t\t<div class=\"elementor-column elementor-col-100 elementor-top-column elementor-element elementor-element-f3c5842\" data-id=\"f3c5842\" data-element_type=\"column\">\n\t\t\t<div class=\"elementor-widget-wrap elementor-element-populated\">\n\t\t\t\t\t\t<div class=\"elementor-element elementor-element-e19f960 elementor-widget elementor-widget-heading\" data-id=\"e19f960\" data-element_type=\"widget\" data-widget_type=\"heading.default\">\n\t\t\t\t<div class=\"elementor-widget-container\">\n\t\t\t\t\t<h1 class=\"elementor-heading-title elementor-size-default\">OUR VILLAGE<br>&amp; PRIMIERO VALLEY<\/h1>\t\t\t\t<\/div>\n\t\t\t\t<\/div>\n\t\t\t\t<div class=\"elementor-element elementor-element-523fd68 elementor-invisible elementor-widget elementor-widget-heading\" data-id=\"523fd68\" data-element_type=\"widget\" data-settings=\"{&quot;_animation&quot;:&quot;fadeInUp&quot;,&quot;_animation_delay&quot;:300}\" data-widget_type=\"heading.default\">\n\t\t\t\t<div class=\"elementor-widget-container\">\n\t\t\t\t\t<h2 class=\"elementor-heading-title elementor-size-default\">COME TO VISIT IM\u00c8R<\/h2>\t\t\t\t<\/div>\n\t\t\t\t<\/div>\n\t\t\t\t\t<\/div>\n\t\t<\/div>\n\t\t\t\t\t<\/div>\n\t\t<\/section>\n\t\t\t\t<section class=\"elementor-section elementor-top-section elementor-element elementor-element-625b72f elementor-section-boxed elementor-section-height-default elementor-section-height-default\" data-id=\"625b72f\" data-element_type=\"section\">\n\t\t\t\t\t\t<div class=\"elementor-container elementor-column-gap-default\">\n\t\t\t\t\t<div class=\"elementor-column elementor-col-100 elementor-top-column elementor-element elementor-element-d85f3a8\" data-id=\"d85f3a8\" data-element_type=\"column\">\n\t\t\t<div class=\"elementor-widget-wrap elementor-element-populated\">\n\t\t\t\t\t\t<div class=\"elementor-element elementor-element-cf8c74e elementor-invisible elementor-widget elementor-widget-heading\" data-id=\"cf8c74e\" data-element_type=\"widget\" data-settings=\"{&quot;_animation&quot;:&quot;fadeInUp&quot;}\" data-widget_type=\"heading.default\">\n\t\t\t\t<div class=\"elementor-widget-container\">\n\t\t\t\t\t<h2 class=\"elementor-heading-title elementor-size-default\">IM\u00c8R<\/h2>\t\t\t\t<\/div>\n\t\t\t\t<\/div>\n\t\t\t\t<div class=\"elementor-element elementor-element-645d82e elementor-invisible elementor-widget elementor-widget-heading\" data-id=\"645d82e\" data-element_type=\"widget\" data-settings=\"{&quot;_animation&quot;:&quot;fadeInUp&quot;}\" data-widget_type=\"heading.default\">\n\t\t\t\t<div class=\"elementor-widget-container\">\n\t\t\t\t\t<h3 class=\"elementor-heading-title elementor-size-default\">A small Tyrolean village<\/h3>\t\t\t\t<\/div>\n\t\t\t\t<\/div>\n\t\t\t\t<section class=\"elementor-section elementor-inner-section elementor-element elementor-element-bc3f8a2 elementor-section-boxed elementor-section-height-default elementor-section-height-default\" data-id=\"bc3f8a2\" data-element_type=\"section\" data-settings=\"{&quot;animation_mobile&quot;:&quot;fadeInUp&quot;}\">\n\t\t\t\t\t\t<div class=\"elementor-container elementor-column-gap-wider\">\n\t\t\t\t\t<div class=\"elementor-column elementor-col-50 elementor-inner-column elementor-element elementor-element-8f8c4ea\" data-id=\"8f8c4ea\" data-element_type=\"column\">\n\t\t\t<div class=\"elementor-widget-wrap elementor-element-populated\">\n\t\t\t\t\t\t<div class=\"elementor-element elementor-element-f066098 elementor-invisible elementor-widget elementor-widget-text-editor\" data-id=\"f066098\" data-element_type=\"widget\" data-settings=\"{&quot;_animation&quot;:&quot;fadeInLeft&quot;,&quot;_animation_mobile&quot;:&quot;none&quot;}\" data-widget_type=\"text-editor.default\">\n\t\t\t\t<div class=\"elementor-widget-container\">\n\t\t\t\t\t\t\t\t\t<p><strong>Im\u00e8r<\/strong> is the first village you come across after passing through the Schen\u00e8r gorge, and is therefore the gateway to the Primiero Valley.<\/p>\n<p>This alpine village is in a privileged position for those who want to venture on numerous excursions: from the spectacular meadows dotted with huts (&#8220;masi&#8221;, in Primiero dialect) at the top of Mount Vederna, to the legendary church of San Silvestro, set in the rocks of Mount Totoga, to the walk that leads to the top of Pavione, the characteristic pyramid-shaped mountain, one of the most evocative and panoramic points of the entire Primiero Valley.<\/p>\n\t\t\t\t\t\t\t\t<\/div>\n\t\t\t\t<\/div>\n\t\t\t\t\t<\/div>\n\t\t<\/div>\n\t\t\t\t<div class=\"elementor-column elementor-col-50 elementor-inner-column elementor-element elementor-element-ff3b3f0\" data-id=\"ff3b3f0\" data-element_type=\"column\">\n\t\t\t<div class=\"elementor-widget-wrap elementor-element-populated\">\n\t\t\t\t\t\t<div class=\"elementor-element elementor-element-11af803 elementor-invisible elementor-widget elementor-widget-text-editor\" data-id=\"11af803\" data-element_type=\"widget\" data-settings=\"{&quot;_animation&quot;:&quot;fadeInRight&quot;,&quot;_animation_mobile&quot;:&quot;none&quot;}\" data-widget_type=\"text-editor.default\">\n\t\t\t\t<div class=\"elementor-widget-container\">\n\t\t\t\t\t\t\t\t\t<p>Im\u00e8r also offers one of the most popular folk festivals in the Primiero area, the famous <strong>Festa del Canederlo<\/strong>, held on the first weekend in September, where more than 20 thousand canederli, large bread dumplings typical of Trentino and Tyrolean cuisine (Kn\u00f6del), are eaten.<\/p>\n<p>Im\u00e8r, in fact, like the rest of the Primiero valley, was part of the Austro-Hungarian Empire, and in the area of Pontet, near Lake Schen\u00e8r, the old customs post between the Empire and the Kingdom of Italy was located, and has therefore inherited some Tyrolean customs and traditions, especially in the local cuisine and dialect.<\/p>\n\t\t\t\t\t\t\t\t<\/div>\n\t\t\t\t<\/div>\n\t\t\t\t\t<\/div>\n\t\t<\/div>\n\t\t\t\t\t<\/div>\n\t\t<\/section>\n\t\t\t\t\t<\/div>\n\t\t<\/div>\n\t\t\t\t\t<\/div>\n\t\t<\/section>\n\t\t\t\t<section class=\"elementor-section elementor-top-section elementor-element elementor-element-288cb97 elementor-section-height-min-height elementor-hidden-phone elementor-section-boxed elementor-section-height-default elementor-section-items-middle\" data-id=\"288cb97\" data-element_type=\"section\" data-settings=\"{&quot;background_background&quot;:&quot;classic&quot;}\">\n\t\t\t\t\t\t<div class=\"elementor-container elementor-column-gap-default\">\n\t\t\t\t\t<div class=\"elementor-column elementor-col-100 elementor-top-column elementor-element elementor-element-bb8e63a\" data-id=\"bb8e63a\" data-element_type=\"column\">\n\t\t\t<div class=\"elementor-widget-wrap elementor-element-populated\">\n\t\t\t\t\t\t<div class=\"elementor-element elementor-element-5e04b72 elementor-widget elementor-widget-spacer\" data-id=\"5e04b72\" data-element_type=\"widget\" data-widget_type=\"spacer.default\">\n\t\t\t\t<div class=\"elementor-widget-container\">\n\t\t\t\t\t\t\t<div class=\"elementor-spacer\">\n\t\t\t<div class=\"elementor-spacer-inner\"><\/div>\n\t\t<\/div>\n\t\t\t\t\t\t<\/div>\n\t\t\t\t<\/div>\n\t\t\t\t\t<\/div>\n\t\t<\/div>\n\t\t\t\t\t<\/div>\n\t\t<\/section>\n\t\t\t\t<section class=\"elementor-section elementor-top-section elementor-element elementor-element-9fd39e2 elementor-section-boxed elementor-section-height-default elementor-section-height-default\" data-id=\"9fd39e2\" data-element_type=\"section\" data-settings=\"{&quot;background_background&quot;:&quot;classic&quot;}\">\n\t\t\t\t\t\t<div class=\"elementor-container elementor-column-gap-default\">\n\t\t\t\t\t<div class=\"elementor-column elementor-col-100 elementor-top-column elementor-element elementor-element-86bef19\" data-id=\"86bef19\" data-element_type=\"column\">\n\t\t\t<div class=\"elementor-widget-wrap elementor-element-populated\">\n\t\t\t\t\t\t<div class=\"elementor-element elementor-element-78b612c elementor-invisible elementor-widget elementor-widget-heading\" data-id=\"78b612c\" data-element_type=\"widget\" data-settings=\"{&quot;_animation&quot;:&quot;fadeInUp&quot;}\" data-widget_type=\"heading.default\">\n\t\t\t\t<div class=\"elementor-widget-container\">\n\t\t\t\t\t<h2 class=\"elementor-heading-title elementor-size-default\">MEZZANO ROMANTICA<\/h2>\t\t\t\t<\/div>\n\t\t\t\t<\/div>\n\t\t\t\t<div class=\"elementor-element elementor-element-6e84a32 elementor-invisible elementor-widget elementor-widget-heading\" data-id=\"6e84a32\" data-element_type=\"widget\" data-settings=\"{&quot;_animation&quot;:&quot;fadeInUp&quot;}\" data-widget_type=\"heading.default\">\n\t\t\t\t<div class=\"elementor-widget-container\">\n\t\t\t\t\t<h3 class=\"elementor-heading-title elementor-size-default\">The most beautiful villages in Italy<\/h3>\t\t\t\t<\/div>\n\t\t\t\t<\/div>\n\t\t\t\t<section class=\"elementor-section elementor-inner-section elementor-element elementor-element-1997d81 elementor-section-boxed elementor-section-height-default elementor-section-height-default\" data-id=\"1997d81\" data-element_type=\"section\" data-settings=\"{&quot;animation_mobile&quot;:&quot;fadeInUp&quot;}\">\n\t\t\t\t\t\t<div class=\"elementor-container elementor-column-gap-wider\">\n\t\t\t\t\t<div class=\"elementor-column elementor-col-50 elementor-inner-column elementor-element elementor-element-56698a4\" data-id=\"56698a4\" data-element_type=\"column\">\n\t\t\t<div class=\"elementor-widget-wrap elementor-element-populated\">\n\t\t\t\t\t\t<div class=\"elementor-element elementor-element-d59e813 elementor-invisible elementor-widget elementor-widget-text-editor\" data-id=\"d59e813\" data-element_type=\"widget\" data-settings=\"{&quot;_animation&quot;:&quot;fadeInLeft&quot;,&quot;_animation_mobile&quot;:&quot;none&quot;}\" data-widget_type=\"text-editor.default\">\n\t\t\t\t<div class=\"elementor-widget-container\">\n\t\t\t\t\t\t\t\t\t<p>A stone&#8217;s throw from Im\u00e8r lies the picturesque village of <strong>Mezzano<\/strong>. Ranked among the Most Beautiful Villages in Italy, it is a village with a strong alpine and rural identity. Among the characteristic &#8220;<em>canis\u00e8le<\/em>&#8220;, the narrow alleys of the village, it is possible to admire the works of the exhibition &#8220;<em>Cataste e Canzei<\/em>&#8220;, an exhibition of artistic installations made with woodpiles.<\/p>\n<p>Also not to be missed is the <strong>&#8216;Sedia Rossa&#8217;<\/strong> (Red Chair), an initiative designed to give visitors an experience of total immersion in the local culture.<br \/>\nA simple red chair is placed in the corners of the village in order to give<\/p>\n\t\t\t\t\t\t\t\t<\/div>\n\t\t\t\t<\/div>\n\t\t\t\t\t<\/div>\n\t\t<\/div>\n\t\t\t\t<div class=\"elementor-column elementor-col-50 elementor-inner-column elementor-element elementor-element-ea4e4ad\" data-id=\"ea4e4ad\" data-element_type=\"column\">\n\t\t\t<div class=\"elementor-widget-wrap elementor-element-populated\">\n\t\t\t\t\t\t<div class=\"elementor-element elementor-element-5523a4d elementor-invisible elementor-widget elementor-widget-text-editor\" data-id=\"5523a4d\" data-element_type=\"widget\" data-settings=\"{&quot;_animation&quot;:&quot;fadeInRight&quot;,&quot;_animation_mobile&quot;:&quot;none&quot;}\" data-widget_type=\"text-editor.default\">\n\t\t\t\t<div class=\"elementor-widget-container\">\n\t\t\t\t\t\t\t\t\t<p>Once you have found it, all you have to do is ring the bell on the seat and someone from the village will arrive to answer questions, tell anecdotes about the history, culture and local traditions, give advice on where to find typical and handmade products, and have a good laugh together!<\/p>\n<p>In Mezzano there is no shortage of village festivals: don&#8217;t miss the traditional &#8220;<em>Sagra dei Carmeni e del Carmenin<\/em>&#8221; in July, where you can taste typical dishes, dance and music, and watch the traditional &#8220;<em>Palio dei Mus\u00e0ti<\/em>&#8220;, in which eight jockeys riding donkeys compete in a race through the streets of the town centre.<\/p>\n\t\t\t\t\t\t\t\t<\/div>\n\t\t\t\t<\/div>\n\t\t\t\t\t<\/div>\n\t\t<\/div>\n\t\t\t\t\t<\/div>\n\t\t<\/section>\n\t\t\t\t\t<\/div>\n\t\t<\/div>\n\t\t\t\t\t<\/div>\n\t\t<\/section>\n\t\t\t\t<section class=\"elementor-section elementor-top-section elementor-element elementor-element-9d0f469 elementor-section-boxed elementor-section-height-default elementor-section-height-default\" data-id=\"9d0f469\" data-element_type=\"section\">\n\t\t\t\t\t\t<div class=\"elementor-container elementor-column-gap-default\">\n\t\t\t\t\t<div class=\"elementor-column elementor-col-100 elementor-top-column elementor-element elementor-element-e1069d8\" data-id=\"e1069d8\" data-element_type=\"column\">\n\t\t\t<div class=\"elementor-widget-wrap elementor-element-populated\">\n\t\t\t\t\t\t<div class=\"elementor-element elementor-element-81ded9f elementor-invisible elementor-widget elementor-widget-heading\" data-id=\"81ded9f\" data-element_type=\"widget\" data-settings=\"{&quot;_animation&quot;:&quot;fadeInUp&quot;}\" data-widget_type=\"heading.default\">\n\t\t\t\t<div class=\"elementor-widget-container\">\n\t\t\t\t\t<h2 class=\"elementor-heading-title elementor-size-default\">PRIMIERO VALLEY<\/h2>\t\t\t\t<\/div>\n\t\t\t\t<\/div>\n\t\t\t\t<div class=\"elementor-element elementor-element-9429e7e elementor-invisible elementor-widget elementor-widget-heading\" data-id=\"9429e7e\" data-element_type=\"widget\" data-settings=\"{&quot;_animation&quot;:&quot;fadeInUp&quot;}\" data-widget_type=\"heading.default\">\n\t\t\t\t<div class=\"elementor-widget-container\">\n\t\t\t\t\t<h3 class=\"elementor-heading-title elementor-size-default\">History, frescoes and villages<\/h3>\t\t\t\t<\/div>\n\t\t\t\t<\/div>\n\t\t\t\t<div class=\"elementor-element elementor-element-8522754 elementor-widget elementor-widget-spacer\" data-id=\"8522754\" data-element_type=\"widget\" data-widget_type=\"spacer.default\">\n\t\t\t\t<div class=\"elementor-widget-container\">\n\t\t\t\t\t\t\t<div class=\"elementor-spacer\">\n\t\t\t<div class=\"elementor-spacer-inner\"><\/div>\n\t\t<\/div>\n\t\t\t\t\t\t<\/div>\n\t\t\t\t<\/div>\n\t\t\t\t<div class=\"elementor-element elementor-element-f28dcff elementor-invisible elementor-widget elementor-widget-text-editor\" data-id=\"f28dcff\" data-element_type=\"widget\" data-settings=\"{&quot;_animation&quot;:&quot;fadeInUp&quot;,&quot;_animation_mobile&quot;:&quot;none&quot;}\" data-widget_type=\"text-editor.default\">\n\t\t\t\t<div class=\"elementor-widget-container\">\n\t\t\t\t\t\t\t\t\t<p>Other places of interest in the Primiero valley are <strong>Fiera di Primiero<\/strong>, which was originally the economic and political centre of the valley, as markets, or &#8216;fairs&#8217;, were held here. The centre of Fiera, with its terraced buildings, has a distinct Tyrolean architectural style, testimony to its past as a fiefdom of the Welsperg counts. If you walk along Koch Street, at the end of the central district of Fiera, you can reach the historic <em>Palazzo delle Miniere<\/em> and the <em>Archpriest&#8217;s Church<\/em>.<br \/>\nAlso worth visiting is the town of <strong>Tonadico<\/strong>, the &#8216;<em>Paese Pinacoteca<\/em>&#8216;, so called because of the numerous popular frescoes on the facades of the houses.<\/p>\n\t\t\t\t\t\t\t\t<\/div>\n\t\t\t\t<\/div>\n\t\t\t\t\t<\/div>\n\t\t<\/div>\n\t\t\t\t\t<\/div>\n\t\t<\/section>\n\t\t\t\t<section class=\"elementor-section elementor-top-section elementor-element elementor-element-66cc375 elementor-section-full_width elementor-section-height-default elementor-section-height-default\" data-id=\"66cc375\" data-element_type=\"section\" data-settings=\"{&quot;background_background&quot;:&quot;classic&quot;}\">\n\t\t\t\t\t\t<div class=\"elementor-container elementor-column-gap-default\">\n\t\t\t\t\t<div class=\"elementor-column elementor-col-100 elementor-top-column elementor-element elementor-element-ed5f8b5\" data-id=\"ed5f8b5\" data-element_type=\"column\">\n\t\t\t<div class=\"elementor-widget-wrap elementor-element-populated\">\n\t\t\t\t\t\t<div class=\"elementor-element elementor-element-6c1e03c elementor-widget elementor-widget-image-carousel\" data-id=\"6c1e03c\" data-element_type=\"widget\" data-settings=\"{&quot;slides_to_show&quot;:&quot;3&quot;,&quot;navigation&quot;:&quot;none&quot;,&quot;image_spacing_custom&quot;:{&quot;unit&quot;:&quot;px&quot;,&quot;size&quot;:0,&quot;sizes&quot;:[]},&quot;_animation_mobile&quot;:&quot;fadeInUp&quot;,&quot;autoplay&quot;:&quot;yes&quot;,&quot;pause_on_hover&quot;:&quot;yes&quot;,&quot;pause_on_interaction&quot;:&quot;yes&quot;,&quot;autoplay_speed&quot;:5000,&quot;infinite&quot;:&quot;yes&quot;,&quot;speed&quot;:500,&quot;image_spacing_custom_tablet&quot;:{&quot;unit&quot;:&quot;px&quot;,&quot;size&quot;:&quot;&quot;,&quot;sizes&quot;:[]},&quot;image_spacing_custom_mobile&quot;:{&quot;unit&quot;:&quot;px&quot;,&quot;size&quot;:&quot;&quot;,&quot;sizes&quot;:[]}}\" data-widget_type=\"image-carousel.default\">\n\t\t\t\t<div class=\"elementor-widget-container\">\n\t\t\t\t\t\t\t<div class=\"elementor-image-carousel-wrapper swiper\" role=\"region\" aria-roledescription=\"carousel\" aria-label=\"Image Carousel\" dir=\"ltr\">\n\t\t\t<div class=\"elementor-image-carousel swiper-wrapper swiper-image-stretch\" aria-live=\"off\">\n\t\t\t\t\t\t\t\t<div class=\"swiper-slide\" role=\"group\" aria-roledescription=\"slide\" aria-label=\"1 of 3\"><figure class=\"swiper-slide-inner\"><img decoding=\"async\" class=\"swiper-slide-image\" src=\"https:\/\/albiviohotel.it\/wp-content\/uploads\/2020\/05\/b9d577aa-b079-4266-afe2-91b9a6a21273.jpg\" alt=\"b9d577aa-b079-4266-afe2-91b9a6a21273\" \/><\/figure><\/div><div class=\"swiper-slide\" role=\"group\" aria-roledescription=\"slide\" aria-label=\"2 of 3\"><figure class=\"swiper-slide-inner\"><img decoding=\"async\" class=\"swiper-slide-image\" src=\"https:\/\/albiviohotel.it\/wp-content\/uploads\/2020\/05\/D-4861-vista-da-ormanico-su-tonadico-inverno-primiero-1.jpg\" alt=\"D-4861-vista-da-ormanico-su-tonadico-inverno-primiero-1\" \/><\/figure><\/div><div class=\"swiper-slide\" role=\"group\" aria-roledescription=\"slide\" aria-label=\"3 of 3\"><figure class=\"swiper-slide-inner\"><img decoding=\"async\" class=\"swiper-slide-image\" src=\"https:\/\/albiviohotel.it\/wp-content\/uploads\/2020\/05\/pale-riflesse-foto-a-gruzza-archivio-apt-san-martino.jpg\" alt=\"pale-riflesse---foto-a-gruzza---archivio-apt-san-martino\" \/><\/figure><\/div>\t\t\t<\/div>\n\t\t\t\t\t\t\t\n\t\t\t\t\t\t\t\t\t<\/div>\n\t\t\t\t\t\t<\/div>\n\t\t\t\t<\/div>\n\t\t\t\t\t<\/div>\n\t\t<\/div>\n\t\t\t\t\t<\/div>\n\t\t<\/section>\n\t\t\t\t<section class=\"elementor-section elementor-top-section elementor-element elementor-element-5c08f90 elementor-section-boxed elementor-section-height-default elementor-section-height-default\" data-id=\"5c08f90\" data-element_type=\"section\">\n\t\t\t\t\t\t<div class=\"elementor-container elementor-column-gap-default\">\n\t\t\t\t\t<div class=\"elementor-column elementor-col-100 elementor-top-column elementor-element elementor-element-e901bcb\" data-id=\"e901bcb\" data-element_type=\"column\">\n\t\t\t<div class=\"elementor-widget-wrap elementor-element-populated\">\n\t\t\t\t\t\t<div class=\"elementor-element elementor-element-63b311a elementor-invisible elementor-widget elementor-widget-heading\" data-id=\"63b311a\" data-element_type=\"widget\" data-settings=\"{&quot;_animation&quot;:&quot;fadeInUp&quot;}\" data-widget_type=\"heading.default\">\n\t\t\t\t<div class=\"elementor-widget-container\">\n\t\t\t\t\t<h2 class=\"elementor-heading-title elementor-size-default\">SAN MARTINO DI CASTROZZA<\/h2>\t\t\t\t<\/div>\n\t\t\t\t<\/div>\n\t\t\t\t<div class=\"elementor-element elementor-element-6abe75c elementor-invisible elementor-widget elementor-widget-heading\" data-id=\"6abe75c\" data-element_type=\"widget\" data-settings=\"{&quot;_animation&quot;:&quot;fadeInUp&quot;}\" data-widget_type=\"heading.default\">\n\t\t\t\t<div class=\"elementor-widget-container\">\n\t\t\t\t\t<h3 class=\"elementor-heading-title elementor-size-default\">At the foot of Pale di San Martino<\/h3>\t\t\t\t<\/div>\n\t\t\t\t<\/div>\n\t\t\t\t<section class=\"elementor-section elementor-inner-section elementor-element elementor-element-9837812 elementor-section-boxed elementor-section-height-default elementor-section-height-default\" data-id=\"9837812\" data-element_type=\"section\" data-settings=\"{&quot;animation_mobile&quot;:&quot;fadeInUp&quot;}\">\n\t\t\t\t\t\t<div class=\"elementor-container elementor-column-gap-wider\">\n\t\t\t\t\t<div class=\"elementor-column elementor-col-50 elementor-inner-column elementor-element elementor-element-17a121c\" data-id=\"17a121c\" data-element_type=\"column\">\n\t\t\t<div class=\"elementor-widget-wrap elementor-element-populated\">\n\t\t\t\t\t\t<div class=\"elementor-element elementor-element-1b7c872 elementor-invisible elementor-widget elementor-widget-text-editor\" data-id=\"1b7c872\" data-element_type=\"widget\" data-settings=\"{&quot;_animation&quot;:&quot;fadeInLeft&quot;,&quot;_animation_mobile&quot;:&quot;none&quot;}\" data-widget_type=\"text-editor.default\">\n\t\t\t\t<div class=\"elementor-widget-container\">\n\t\t\t\t\t\t\t\t\t<p>At the top of the valley, we find <strong>San Martino di Castrozza<\/strong>, which lies in a basin at the foot of the spectacular <em>Pale di San Martino<\/em> group. The youngest of the villages in the valley, it began its tourist activity with the construction of the first hotels at the end of the 19th century. From here, it is possible to access a wide range of excursions, climbs, trails and <em>alpine refuges<\/em> within the <em>Paneveggio Pale di San Martino Park<\/em>. Worth mentioning are the ascent to the <em>Rosetta<\/em> cable car, the walk to the beautiful <em>Colbricon lakes<\/em>, as well as the countless gastronomic experiences among the various <em>Malghe<\/em>.<\/p>\n<p>At P<strong>asso Rolle<\/strong>, just a few kilometres north of San Martino, you can reach the famous <em>Baita Segantini<\/em>, one of the most photographed points in the Dolomites, or immerse yourself in the<\/p>\n\t\t\t\t\t\t\t\t<\/div>\n\t\t\t\t<\/div>\n\t\t\t\t\t<\/div>\n\t\t<\/div>\n\t\t\t\t<div class=\"elementor-column elementor-col-50 elementor-inner-column elementor-element elementor-element-68149ec\" data-id=\"68149ec\" data-element_type=\"column\">\n\t\t\t<div class=\"elementor-widget-wrap elementor-element-populated\">\n\t\t\t\t\t\t<div class=\"elementor-element elementor-element-5416fe4 elementor-invisible elementor-widget elementor-widget-text-editor\" data-id=\"5416fe4\" data-element_type=\"widget\" data-settings=\"{&quot;_animation&quot;:&quot;fadeInRight&quot;,&quot;_animation_mobile&quot;:&quot;none&quot;}\" data-widget_type=\"text-editor.default\">\n\t\t\t\t<div class=\"elementor-widget-container\">\n\t\t\t\t\t\t\t\t\t<p><em>Val Venegia<\/em>, an easy walk at the foot of the highest peaks of the Pale di San Martino.<\/p>\n<p>The resort is also perfect for <em>winter sports lovers<\/em>. The ski slopes of the San Martino di Castrozza-Passo Rolle district are spectacular, suitable for both <em>downhill skiing<\/em> and <em>snowboarding<\/em>. The cross-country ski runs are also very popular, in addition to those in San Martino, including those at Calaita Lake and Passo Cereda. There are numerous activities other than skiing, such as ice skating, karting on ice, rides in the &#8220;<em>troika<\/em>&#8221; (the traditional horse-drawn carriage) and sunbathing at high altitude.<\/p>\n<p>Well.. we can say that there&#8217;s something for everyone!<\/p>\n\t\t\t\t\t\t\t\t<\/div>\n\t\t\t\t<\/div>\n\t\t\t\t\t<\/div>\n\t\t<\/div>\n\t\t\t\t\t<\/div>\n\t\t<\/section>\n\t\t\t\t\t<\/div>\n\t\t<\/div>\n\t\t\t\t\t<\/div>\n\t\t<\/section>\n\t\t\t\t<\/div>\n\t\t","protected":false},"excerpt":{"rendered":"<p>OUR VILLAGE&amp; PRIMIERO VALLEY COME TO VISIT IM\u00c8R IM\u00c8R A small Tyrolean village Im\u00e8r is the first village you come across after passing through the Schen\u00e8r gorge, and is therefore the gateway to the Primiero Valley. This alpine village is in a privileged position for those who want to venture on numerous excursions: from the [&hellip;]<\/p>\n","protected":false},"author":3,"featured_media":0,"parent":0,"menu_order":0,"comment_status":"closed","ping_status":"closed","template":"elementor_header_footer","meta":{"footnotes":""},"class_list":["post-4835","page","type-page","status-publish","hentry"],"_links":{"self":[{"href":"https:\/\/albiviohotel.it\/en\/wp-json\/wp\/v2\/pages\/4835","targetHints":{"allow":["GET"]}}],"collection":[{"href":"https:\/\/albiviohotel.it\/en\/wp-json\/wp\/v2\/pages"}],"about":[{"href":"https:\/\/albiviohotel.it\/en\/wp-json\/wp\/v2\/types\/page"}],"author":[{"embeddable":true,"href":"https:\/\/albiviohotel.it\/en\/wp-json\/wp\/v2\/users\/3"}],"replies":[{"embeddable":true,"href":"https:\/\/albiviohotel.it\/en\/wp-json\/wp\/v2\/comments?post=4835"}],"version-history":[{"count":1,"href":"https:\/\/albiviohotel.it\/en\/wp-json\/wp\/v2\/pages\/4835\/revisions"}],"predecessor-version":[{"id":4836,"href":"https:\/\/albiviohotel.it\/en\/wp-json\/wp\/v2\/pages\/4835\/revisions\/4836"}],"wp:attachment":[{"href":"https:\/\/albiviohotel.it\/en\/wp-json\/wp\/v2\/media?parent=4835"}],"curies":[{"name":"wp","href":"https:\/\/api.w.org\/{rel}","templated":true}]}}